{"id":426,"date":"2021-01-23T09:59:24","date_gmt":"2021-01-23T09:59:24","guid":{"rendered":"https:\/\/kruce.es\/aviso-legal\/"},"modified":"2023-11-03T15:57:56","modified_gmt":"2023-11-03T15:57:56","slug":"lege-oharra","status":"publish","type":"page","link":"https:\/\/kruce.es\/eu\/lege-oharra\/","title":{"rendered":"Lege oharra"},"content":{"rendered":"<h3>INTRODUCCI\u00d3N<\/h3>\n<p>En cumplimiento de la Ley 34\/2002, de 11 de julio, de Servicios de la Sociedad de la Informaci\u00f3n y de Comercio Electr\u00f3nico (LSSI-CE), ROMU &amp; ALAITZ CONSULTING SL informa que es titular del sitio web. De acuerdo con la exigencia del art\u00edculo 10 de la citada Ley, ROMU &amp; ALAITZ CONSULTING SL informa de los siguientes datos:<\/p>\n<p><b>Representante legal:<\/b> ROMU &amp; ALAITZ CONSULTING SL<br \/>\n<b>NIF:<\/b> B75235275<br \/>\n<b>Dominio:<\/b> www.kruce.es<br \/>\n<b>Direcci\u00f3n postal:<\/b> Osinaga 2 \u2013 1\u00aa planta, 20500 Arrasate-Mondrag\u00f3n<br \/>\n<b>Direcci\u00f3n electr\u00f3nica:<\/b> <a href=\"mailto:aosa@kruce.es\">aosa@kruce.es<\/a><br \/>\n<b>Tel\u00e9fono:<\/b> <a href=\"tel:662626387\">662626387<\/a><\/p>\n<h3>USUARIO Y R\u00c9GIMEN DE RESPONSABILIDADES<\/h3>\n<p>La navegaci\u00f3n, acceso y uso por el sitio web de ROMU &amp; ALAITZ CONSULTING SL confiere la condici\u00f3n de usuario.<\/p>\n<p>El sitio web de ROMU &amp; ALAITZ CONSULTING SL proporciona gran diversidad de informaci\u00f3n, servicios y datos. El usuario asume su responsabilidad en el uso correcto del sitio web. Esta responsabilidad se extender\u00e1 a:<\/p>\n<ul>\n<li>La veracidad y licitud de las informaciones aportadas por el usuario en los formularios extendidos por ROMU &amp; ALAITZ CONSULTING SL para el acceso a ciertos contenidos o servicios ofrecidos por el web.<\/li>\n<li>El uso de la informaci\u00f3n, servicios y datos ofrecidos por ROMU &amp; ALAITZ CONSULTING SL contrariamente a lo dispuesto por las presentes condiciones, la Ley, la moral, las buenas costumbres o el orden p\u00fablico, o que de cualquier otro modo puedan suponer lesi\u00f3n de los derechos de terceros o del mismo funcionamiento del sitio web.<\/li>\n<\/ul>\n<h3>POL\u00cdTICA DE ENLACES Y EXENCIONES DE RESPONSABILIDAD<\/h3>\n<p>ROMU &amp; ALAITZ CONSULTING SL no se hace responsable del contenido de los sitios web a los que el usuario pueda acceder a trav\u00e9s de los enlaces establecidos en su sitio web, siempre que no tenga conocimiento efectivo de que la actividad o la informaci\u00f3n a la que remite o recomienda es il\u00edcita o de que lesiona bienes o derechos de un tercero susceptibles de indemnizaci\u00f3n, o, en caso de tenerlo, act\u00fae con diligencia para suprimir o inutilizar el enlace correspondiente.<\/p>\n<p>Se entender\u00e1 que ROMU &amp; ALAITZ CONSULTING SL tiene el conocimiento efectivo a que se refiere el p\u00e1rrafo anterior cuando un \u00f3rgano competente haya declarado la ilicitud de los datos, ordenado su retirada o que se imposibilite el acceso a los mismos, o se hubiera declarado la existencia de la lesi\u00f3n, y ROMU &amp; ALAITZ CONSULTING SL conociera la correspondiente resoluci\u00f3n, sin perjuicio de los procedimientos de detecci\u00f3n y retirada de contenidos que ROMU &amp; ALAITZ CONSULTING SL aplique en virtud de acuerdos voluntarios y de otros medios de conocimiento efectivo que pudieran establecerse.<\/p>\n<p>ROMU &amp; ALAITZ CONSULTING SL declara haber adoptado todas las medidas necesarias para evitar cualquier da\u00f1o a los usuarios de su sitio web, que pudieran derivarse de la navegaci\u00f3n por su sitio web. En consecuencia, ROMU &amp; ALAITZ CONSULTING SL no se hace responsable, en ning\u00fan caso, de los eventuales da\u00f1os que por la navegaci\u00f3n por Internet pudiera sufrir el usuario. Asimismo, tampoco garantizar\u00e1 la disponibilidad t\u00e9cnica, exactitud, veracidad, validez o legalidad de sitios ajenos a su propiedad a los que se pueda acceder por medio de los enlaces.<\/p>\n<h3>MODIFICACIONES<\/h3>\n<p>ROMU &amp; ALAITZ CONSULTING SL se reserva el derecho a realizar las modificaciones que considere oportunas, sin aviso previo, en el contenido de su sitio web. Tanto en lo referente a los contenidos del sitio web, como en las condiciones de uso del mismo, o en las condiciones generales de contrataci\u00f3n. Los cambios a los que hace referencia este apartado, no afectar\u00e1n a las contrataciones realizadas con fecha anterior a la fecha de publicaci\u00f3n de los mismos.<\/p>\n<p>Dichas modificaciones podr\u00e1n realizarse a trav\u00e9s de su sitio web por cualquier forma admisible en derecho y ser\u00e1n de obligado cumplimiento durante el tiempo en que se encuentren publicadas en el web y hasta que no sean modificadas v\u00e1lidamente por otras posteriores.<\/p>\n<h3>INDICACI\u00d3N DE PRECIOS<\/h3>\n<p>En caso de que se muestren precios de productos y\/o servicios, los indicados en pantalla ser\u00e1n los vigentes en cada momento. Los precios ser\u00e1n indicados en euros y tendr\u00e1n incorporado el Impuesto sobre el Valor A\u00f1adido (IVA). En caso de que no se incorpore el IVA en el precio, se indicar\u00e1 de manera expresa y se permitir\u00e1 al usuario visualizar el precio final completo.<\/p>\n<p>Asimismo, si fuera aplicable cualquier otro impuesto, as\u00ed se indicar\u00eda, incluyendo, en su caso, el importe de los incrementos o descuentos que sean de aplicaci\u00f3n a la oferta y los gastos adicionales que puedan repercutir al consumidor o usuario.<\/p>\n<h3>PROPIEDAD INTELECTUAL E INDUSTRIAL<\/h3>\n<p>ROMU &amp; ALAITZ CONSULTING SL por s\u00ed misma o como cesionaria, es titular de todos los derechos de propiedad intelectual e industrial de su p\u00e1gina web, as\u00ed como de los elementos contenidos en la misma (a t\u00edtulo enunciativo, im\u00e1genes, sonido, audio, v\u00eddeo, software o textos; marcas o logotipos, combinaciones de colores, estructura y dise\u00f1o, selecci\u00f3n de materiales usados, programas de ordenador necesarios para su funcionamiento, acceso y uso, etc.), titularidad de ROMU &amp; ALAITZ CONSULTING SL. Ser\u00e1n, por consiguiente, obras protegidas como propiedad intelectual por el ordenamiento jur\u00eddico espa\u00f1ol, si\u00e9ndoles aplicables tanto la normativa espa\u00f1ola y comunitaria en este campo, como los tratados internacionales relativos a la materia y suscritos por Espa\u00f1a.<\/p>\n<p>Todos los derechos reservados. En virtud de lo dispuesto en la Ley de Propiedad Intelectual, quedan expresamente prohibidas la reproducci\u00f3n, la distribuci\u00f3n y la comunicaci\u00f3n p\u00fablica, incluida su modalidad de puesta a disposici\u00f3n, de la totalidad o parte de los contenidos de esta p\u00e1gina web, con fines comerciales, en cualquier soporte y por cualquier medio t\u00e9cnico, sin la autorizaci\u00f3n de ROMU &amp; ALAITZ CONSULTING SL.<\/p>\n<p>El usuario se compromete a respetar los derechos de Propiedad Intelectual e Industrial titularidad de ROMU &amp; ALAITZ CONSULTING SL. Podr\u00e1 visualizar los elementos del portal e incluso imprimirlos, copiarlos y almacenarlos en el disco duro de su ordenador o en cualquier otro soporte f\u00edsico siempre y cuando sea, \u00fanica y exclusivamente, para su uso personal y privado. El usuario deber\u00e1 abstenerse de suprimir, alterar, eludir o manipular cualquier dispositivo de protecci\u00f3n o sistema de seguridad que estuviera instalado en las p\u00e1ginas de ROMU &#038; ALAITZ CONSULTING SL.<\/p>\n<h3>ACCIONES LEGALES, LEGISLACI\u00d3N APLICABLE Y JURISDICCI\u00d3N<\/h3>\n<p>Si el usuario desea presentar una reclamaci\u00f3n, deber\u00e1 contactar mediante el correo electr\u00f3nico <a href=\"mailto:aosa@kruce.es\">aosa@kruce.es<\/a>. Asimismo, ROMU &amp; ALAITZ CONSULTING SL dispone de hojas oficiales de reclamaci\u00f3n a disposici\u00f3n de los consumidores y usuarios.<\/p>\n<p>ROMU &amp; ALAITZ CONSULTING SL se reserva la facultad de presentar las acciones civiles o penales que considere oportunas por la utilizaci\u00f3n indebida de su sitio web y contenidos, o por el incumplimiento de las presentes condiciones.<\/p>\n<p>La relaci\u00f3n entre el usuario y el prestador se regir\u00e1 por la normativa vigente y de aplicaci\u00f3n en el territorio espa\u00f1ol. De surgir cualquier controversia las partes podr\u00e1n someter sus conflictos a arbitraje o acudir a la jurisdicci\u00f3n ordinaria cumpliendo con las normas sobre jurisdicci\u00f3n y competencia al respecto. ROMU &amp; ALAITZ CONSULTING SL tiene su domicilio en GUIP\u00daZCOA, Espa\u00f1a.<\/p>\n<h3>C\u00d3DIGO DE CONDUCTA PARA USUARIOS EN LOS COMENTARIOS<\/h3>\n<p>El Usuario deber\u00e1 cumplir con todas las leyes que sean de aplicaci\u00f3n y utilizar los espacios disponibles en el sitio web para dejar comentarios de modo correcto y respetar el c\u00f3digo de conducta que se establece en este apartado, as\u00ed como tener en cuenta el r\u00e9gimen de responsabilidades que se puedan derivar de la utilizaci\u00f3n de estos espacio de forma incorrecta o il\u00edcita.<\/p>\n<p>ROMU &amp; ALAITZ CONSULTING SL informa de las conductas que no considera apropiadas y de la potestad que dispone para actuar en consecuencia sobre los siguientes usos, actuaciones, omisiones o declaraciones que el miembro realice, en virtud de la relaci\u00f3n que le une como usuario:<\/p>\n<ul>\n<li>Actuar de manera deshonesta o poco profesional.<\/li>\n<li>Publicar contenidos inapropiados o inexactos.<\/li>\n<li>Acosar, abusar, amenazar o da\u00f1ar a otra persona o usuario.<\/li>\n<li>Utilizar o publicar a trav\u00e9s de im\u00e1genes, videos o cualquier comentario en el perfil que pueda herir la sensibilidad de los Usuario, as\u00ed como que pueda discriminar por cualquier condici\u00f3n, raza, grupo \u00e9tnico, nacionalidad, religi\u00f3n, sexo, orientaci\u00f3n sexual, discapacidad o enfermedad, o que sean ilegales, injuriosos, abusivos, obscenos, discriminatorios o por otras causas consideradas reprochables.<\/li>\n<li>Usar la cuenta de otra persona o crear una identidad falsa.<\/li>\n<li>Realizar declaraciones falsas que suplanten la identidad.<\/li>\n<li>Incluir contenido que contengan virus inform\u00e1ticos u otros que puedan eliminar, interrumpir u obstaculizar la correcta navegaci\u00f3n.<\/li>\n<li>Vender, patrocinar u obtener beneficio econ\u00f3mico a trav\u00e9s del sitio web sin la autorizaci\u00f3n de ROMU &amp; ALAITZ CONSULTING SL o si se ha establecido otro m\u00e9todo proporcionado por ROMU &amp; ALAITZ CONSULTING SL para la gesti\u00f3n de un servicio exclusivo.<\/li>\n<li>Compartir informaci\u00f3n de personas que no son Usuario sin su consentimiento expreso.<\/li>\n<li>Crear perfiles falsos en la aplicaci\u00f3n, en el caso de que se detecte que existen perfiles falsos ser\u00e1n eliminado de forma inmediata.<\/li>\n<li>Promover el racismo, la xenofobia o el fanatismo de cualquier clase contra cualquier grupo o individuo.<\/li>\n<li>Imitar o suplantar a cualquier persona o entidad.<\/li>\n<li>Solicitar dinero de otros usuarios.<\/li>\n<li>Enviar v\u00eddeos, audios o fotograf\u00edas con im\u00e1genes de otra persona sin su autorizaci\u00f3n (o en el caso de un menor, sin la autorizaci\u00f3n de sus padres o tutores legales).<\/li>\n<\/ul>\n<p><b>\u00daltima actualizaci\u00f3n:<\/b> 7 de julio de 2023<\/p>\n","protected":false},"excerpt":{"rendered":"<p>INTRODUCCI\u00d3N En cumplimiento de la Ley 34\/2002, de 11 de julio, de Servicios de la Sociedad de la Informaci\u00f3n y de Comercio Electr\u00f3nico (LSSI-CE), ROMU &amp; ALAITZ CONSULTING SL informa que es titular del sitio web. De acuerdo con la exigencia del art\u00edculo 10 de la citada Ley, ROMU &amp; ALAITZ CONSULTING SL informa de [&hellip;]<\/p>\n","protected":false},"author":1,"featured_media":0,"parent":0,"menu_order":0,"comment_status":"closed","ping_status":"closed","template":"","meta":[],"acf":[],"yoast_head":"<!-- This site is optimized with the Yoast SEO plugin v19.7.2 - https:\/\/yoast.com\/wordpress\/plugins\/seo\/ -->\n<title>Lege oharra - KRUCE. Produktibitate Komertziala<\/title>\n<meta name=\"robots\" content=\"index, follow, max-snippet:-1, max-image-preview:large, max-video-preview:-1\" \/>\n<link rel=\"canonical\" href=\"https:\/\/kruce.es\/eu\/lege-oharra\/\" \/>\n<meta property=\"og:locale\" content=\"eu_ES\" \/>\n<meta property=\"og:type\" content=\"article\" \/>\n<meta property=\"og:title\" content=\"Lege oharra - KRUCE. Produktibitate Komertziala\" \/>\n<meta property=\"og:description\" content=\"INTRODUCCI\u00d3N En cumplimiento de la Ley 34\/2002, de 11 de julio, de Servicios de la Sociedad de la Informaci\u00f3n y de Comercio Electr\u00f3nico (LSSI-CE), ROMU &amp; ALAITZ CONSULTING SL informa que es titular del sitio web. De acuerdo con la exigencia del art\u00edculo 10 de la citada Ley, ROMU &amp; ALAITZ CONSULTING SL informa de [&hellip;]\" \/>\n<meta property=\"og:url\" content=\"https:\/\/kruce.es\/eu\/lege-oharra\/\" \/>\n<meta property=\"og:site_name\" content=\"KRUCE. Produktibitate Komertziala\" \/>\n<meta property=\"article:modified_time\" content=\"2023-11-03T15:57:56+00:00\" \/>\n<meta name=\"twitter:card\" content=\"summary_large_image\" \/>\n<meta name=\"twitter:label1\" content=\"Est. reading time\" \/>\n\t<meta name=\"twitter:data1\" content=\"7 minutes\" \/>\n<script type=\"application\/ld+json\" class=\"yoast-schema-graph\">{\"@context\":\"https:\/\/schema.org\",\"@graph\":[{\"@type\":\"WebPage\",\"@id\":\"https:\/\/kruce.es\/eu\/lege-oharra\/\",\"url\":\"https:\/\/kruce.es\/eu\/lege-oharra\/\",\"name\":\"Lege oharra - KRUCE. Produktibitate Komertziala\",\"isPartOf\":{\"@id\":\"https:\/\/kruce.es\/#website\"},\"datePublished\":\"2021-01-23T09:59:24+00:00\",\"dateModified\":\"2023-11-03T15:57:56+00:00\",\"breadcrumb\":{\"@id\":\"https:\/\/kruce.es\/eu\/lege-oharra\/#breadcrumb\"},\"inLanguage\":\"eu-ES\",\"potentialAction\":[{\"@type\":\"ReadAction\",\"target\":[\"https:\/\/kruce.es\/eu\/lege-oharra\/\"]}]},{\"@type\":\"BreadcrumbList\",\"@id\":\"https:\/\/kruce.es\/eu\/lege-oharra\/#breadcrumb\",\"itemListElement\":[{\"@type\":\"ListItem\",\"position\":1,\"name\":\"Home\",\"item\":\"https:\/\/kruce.es\/eu\/\"},{\"@type\":\"ListItem\",\"position\":2,\"name\":\"Lege oharra\"}]},{\"@type\":\"WebSite\",\"@id\":\"https:\/\/kruce.es\/#website\",\"url\":\"https:\/\/kruce.es\/\",\"name\":\"KRUCE. Produktibitate Komertziala\",\"description\":\"Productividad Comercial\",\"potentialAction\":[{\"@type\":\"SearchAction\",\"target\":{\"@type\":\"EntryPoint\",\"urlTemplate\":\"https:\/\/kruce.es\/?s={search_term_string}\"},\"query-input\":\"required name=search_term_string\"}],\"inLanguage\":\"eu-ES\"}]}<\/script>\n<!-- \/ Yoast SEO plugin. -->","yoast_head_json":{"title":"Lege oharra - KRUCE. Produktibitate Komertziala","robots":{"index":"index","follow":"follow","max-snippet":"max-snippet:-1","max-image-preview":"max-image-preview:large","max-video-preview":"max-video-preview:-1"},"canonical":"https:\/\/kruce.es\/eu\/lege-oharra\/","og_locale":"eu_ES","og_type":"article","og_title":"Lege oharra - KRUCE. Produktibitate Komertziala","og_description":"INTRODUCCI\u00d3N En cumplimiento de la Ley 34\/2002, de 11 de julio, de Servicios de la Sociedad de la Informaci\u00f3n y de Comercio Electr\u00f3nico (LSSI-CE), ROMU &amp; ALAITZ CONSULTING SL informa que es titular del sitio web. De acuerdo con la exigencia del art\u00edculo 10 de la citada Ley, ROMU &amp; ALAITZ CONSULTING SL informa de [&hellip;]","og_url":"https:\/\/kruce.es\/eu\/lege-oharra\/","og_site_name":"KRUCE. Produktibitate Komertziala","article_modified_time":"2023-11-03T15:57:56+00:00","twitter_card":"summary_large_image","twitter_misc":{"Est. reading time":"7 minutes"},"schema":{"@context":"https:\/\/schema.org","@graph":[{"@type":"WebPage","@id":"https:\/\/kruce.es\/eu\/lege-oharra\/","url":"https:\/\/kruce.es\/eu\/lege-oharra\/","name":"Lege oharra - KRUCE. Produktibitate Komertziala","isPartOf":{"@id":"https:\/\/kruce.es\/#website"},"datePublished":"2021-01-23T09:59:24+00:00","dateModified":"2023-11-03T15:57:56+00:00","breadcrumb":{"@id":"https:\/\/kruce.es\/eu\/lege-oharra\/#breadcrumb"},"inLanguage":"eu-ES","potentialAction":[{"@type":"ReadAction","target":["https:\/\/kruce.es\/eu\/lege-oharra\/"]}]},{"@type":"BreadcrumbList","@id":"https:\/\/kruce.es\/eu\/lege-oharra\/#breadcrumb","itemListElement":[{"@type":"ListItem","position":1,"name":"Home","item":"https:\/\/kruce.es\/eu\/"},{"@type":"ListItem","position":2,"name":"Lege oharra"}]},{"@type":"WebSite","@id":"https:\/\/kruce.es\/#website","url":"https:\/\/kruce.es\/","name":"KRUCE. Produktibitate Komertziala","description":"Productividad Comercial","potentialAction":[{"@type":"SearchAction","target":{"@type":"EntryPoint","urlTemplate":"https:\/\/kruce.es\/?s={search_term_string}"},"query-input":"required name=search_term_string"}],"inLanguage":"eu-ES"}]}},"_links":{"self":[{"href":"https:\/\/kruce.es\/eu\/wp-json\/wp\/v2\/pages\/426"}],"collection":[{"href":"https:\/\/kruce.es\/eu\/wp-json\/wp\/v2\/pages"}],"about":[{"href":"https:\/\/kruce.es\/eu\/wp-json\/wp\/v2\/types\/page"}],"author":[{"embeddable":true,"href":"https:\/\/kruce.es\/eu\/wp-json\/wp\/v2\/users\/1"}],"replies":[{"embeddable":true,"href":"https:\/\/kruce.es\/eu\/wp-json\/wp\/v2\/comments?post=426"}],"version-history":[{"count":3,"href":"https:\/\/kruce.es\/eu\/wp-json\/wp\/v2\/pages\/426\/revisions"}],"predecessor-version":[{"id":1672,"href":"https:\/\/kruce.es\/eu\/wp-json\/wp\/v2\/pages\/426\/revisions\/1672"}],"wp:attachment":[{"href":"https:\/\/kruce.es\/eu\/wp-json\/wp\/v2\/media?parent=426"}],"curies":[{"name":"wp","href":"https:\/\/api.w.org\/{rel}","templated":true}]}}